{"id":123,"date":"2025-03-05T20:32:32","date_gmt":"2025-03-05T20:32:32","guid":{"rendered":"https:\/\/golf-rules.com\/?page_id=123"},"modified":"2025-03-05T20:37:57","modified_gmt":"2025-03-05T20:37:57","slug":"referee-service","status":"publish","type":"page","link":"https:\/\/golf-rules.com\/?page_id=123","title":{"rendered":"Referee-Service"},"content":{"rendered":"<p>Ihr richtet ein Turnier aus und m\u00f6chtet Betreuung durch Referees haben? Ihr ben\u00f6tigt einen Clubspielleiter f\u00fcr den DGL-Heimspieltag?<\/p>\n<p>Wir helfen gern.<\/p>\n<p>Thomas und Torben haben beide das R&amp;A Level 3 Examen (TARS), sind DGV- und GVNB Spielleiter und haben etwas mehr als 10 Jahre Erfahrung im Turniergolf vom Club-Turnier \u00fcber Turniere im Landesgolfverband, in der Deutschen Golf Liga (DGL), beim Deutschen Golf Verband, EGA und EDGA Turnieren und der Pro Golf-, Challenge-, Ladies European Access-, Ladies European-, Legends-, und DP World-Tour.<\/p>\n<p>Wenn Ihr also unsere Hilfe braucht, <strong><a href=\"mailto:fragen@golf-rules.com?subject=Refereeanfrage\">sprecht uns einfach an&#8230;<\/a><\/strong><\/p>\n<p><img loading=\"lazy\" decoding=\"async\" class=\"alignnone size-medium wp-image-124\" src=\"http:\/\/golf-rules.com\/wp-content\/uploads\/2025\/03\/IMG_9036-300x225.jpg\" alt=\"\" width=\"300\" height=\"225\" srcset=\"https:\/\/golf-rules.com\/wp-content\/uploads\/2025\/03\/IMG_9036-300x225.jpg 300w, https:\/\/golf-rules.com\/wp-content\/uploads\/2025\/03\/IMG_9036-768x576.jpg 768w, https:\/\/golf-rules.com\/wp-content\/uploads\/2025\/03\/IMG_9036-1000x750.jpg 1000w, https:\/\/golf-rules.com\/wp-content\/uploads\/2025\/03\/IMG_9036-230x173.jpg 230w, https:\/\/golf-rules.com\/wp-content\/uploads\/2025\/03\/IMG_9036-350x263.jpg 350w, https:\/\/golf-rules.com\/wp-content\/uploads\/2025\/03\/IMG_9036-480x360.jpg 480w, https:\/\/golf-rules.com\/wp-content\/uploads\/2025\/03\/IMG_9036.jpg 1024w\" sizes=\"auto, (max-width: 300px) 100vw, 300px\" \/><\/p>\n","protected":false},"excerpt":{"rendered":"<p>Ihr richtet ein Turnier aus und m\u00f6chtet Betreuung durch Referees haben? Ihr ben\u00f6tigt einen Clubspielleiter f\u00fcr den DGL-Heimspieltag? Wir helfen gern. Thomas [&hellip;]<\/p>\n","protected":false},"author":1,"featured_media":0,"parent":0,"menu_order":0,"comment_status":"closed","ping_status":"closed","template":"","meta":{"footnotes":""},"class_list":["post-123","page","type-page","status-publish","hentry"],"_links":{"self":[{"href":"https:\/\/golf-rules.com\/index.php?rest_route=\/wp\/v2\/pages\/123","targetHints":{"allow":["GET"]}}],"collection":[{"href":"https:\/\/golf-rules.com\/index.php?rest_route=\/wp\/v2\/pages"}],"about":[{"href":"https:\/\/golf-rules.com\/index.php?rest_route=\/wp\/v2\/types\/page"}],"author":[{"embeddable":true,"href":"https:\/\/golf-rules.com\/index.php?rest_route=\/wp\/v2\/users\/1"}],"replies":[{"embeddable":true,"href":"https:\/\/golf-rules.com\/index.php?rest_route=%2Fwp%2Fv2%2Fcomments&post=123"}],"version-history":[{"count":4,"href":"https:\/\/golf-rules.com\/index.php?rest_route=\/wp\/v2\/pages\/123\/revisions"}],"predecessor-version":[{"id":130,"href":"https:\/\/golf-rules.com\/index.php?rest_route=\/wp\/v2\/pages\/123\/revisions\/130"}],"wp:attachment":[{"href":"https:\/\/golf-rules.com\/index.php?rest_route=%2Fwp%2Fv2%2Fmedia&parent=123"}],"curies":[{"name":"wp","href":"https:\/\/api.w.org\/{rel}","templated":true}]}}