{"id":2,"date":"2016-05-10T03:48:21","date_gmt":"2016-05-10T03:48:21","guid":{"rendered":"http:\/\/golf-rules.com\/?page_id=2"},"modified":"2025-03-04T06:17:13","modified_gmt":"2025-03-04T06:17:13","slug":"sample-page","status":"publish","type":"page","link":"http:\/\/golf-rules.com\/?page_id=2","title":{"rendered":"Impressum \/ Datenschutz"},"content":{"rendered":"<p>Golf-Rules.com \/ regeln.golf \/ rules4.golf \/ #glfrls wird umgesetzt und betreut von<\/p>\n<p>Torben Wissuwa, M\u00fchlenfeldstra\u00dfe 5, 28355 Bremen<\/p>\n<p>und<\/p>\n<p>Thomas K\u00f6hler, Bad Lippspringe<\/p>\n<p>E-Mail: fragen(at)golf-rules.com<\/p>\n<p><strong>Datenschutzerkl\u00e4rung<\/strong><\/p>\n<p><strong>Allgemein<\/strong><br \/>\nDer Besuch unserer Internetseiten ist m\u00f6glich, ohne irgendwelche Angaben zu Ihrer Person zu machen. Soweit bei Ihrem Besuch Zugriffsdaten gespeichert werden, ist ein Bezug zu Ihrer Person ohne zus\u00e4tzliche, uns nicht verf\u00fcgbaren Informationen, nicht herstellbar. Zugriffsdaten verwenden wir ausschlie\u00dflich zur Verbesserung unseres Angebotes. Personenbezogene Daten, die einen unmittelbaren Bezug zu Ihrer Person herstellen, erheben und speichern wir nur, wenn und soweit Sie uns diese freiwillig mitteilen, so zum Beispiel \u00fcber Kontakt via E-Mail. Die Datenschutzregelungen nach dem Telemediengesetz (TMG), dem Bundesdatenschutzgesetz (BDSG), der Datenschutzgrundverordnung (DSGVO) und sonstiger datenschutzrechtlicher Vorschriften werden selbstverst\u00e4ndlich beachtet.<\/p>\n<p><strong>Cookies<\/strong><br \/>\nUm unser Internet-Angebot m\u00f6glichst attraktiv und komfortabel zu gestalten, setzen wir auf einigen Seiten sogenannte \u201eCookies\u201c ein. Das sind kleine Textdateien, die Ihr Browser auf Ihrem Rechner ablegt. Viele Cookies werden gel\u00f6scht, wenn Sie Ihre Browsersitzung beenden. Die dauerhaften Cookies dienen zur Wiedererkennung beim n\u00e4chsten Aufsuchen unserer Webseite, erleichtern Ihnen den Besuch und machen ihn effektiver. Einen unmittelbaren Bezug zu Ihrer Person k\u00f6nnen wir damit nicht herstellen. Die Speicherung von Cookies k\u00f6nnen Sie durch entsprechende Einstellung in Ihrem Browser ausschalten.<\/p>\n<p>Wir setzen \u201eSession-Cookies\u201c der VG Wort, M\u00fcnchen, zur Messung von Zugriffen auf Texten ein, um die Kopierwahrscheinlichkeit zu erfassen. Session-Cookies sind kleine Informationseinheiten, die ein Anbieter im Arbeitsspeicher des Computers des Besuchers speichert. In einem Session-Cookie wird eine zuf\u00e4llig erzeugte eindeutige Identifikationsnummer abgelegt, eine sogenannte Session-ID. Au\u00dferdem enth\u00e4lt ein Cookie die Angabe \u00fcber seine Herkunft und die Speicherfrist. Session-Cookies k\u00f6nnen keine anderen Daten speichern. Diese Messungen werden von der Kantar Deutschland GmbH nach dem Skalierbaren Zentralen Messverfahren (SZM) durchgef\u00fchrt. Sie helfen dabei, die Kopierwahrscheinlichkeit einzelner Texte zur Verg\u00fctung von gesetzlichen Anspr\u00fcchen von Autoren und Verlagen zu ermitteln. Wir erfassen keine personenbezogenen Daten \u00fcber Cookies.<\/p>\n<p>Eine Nutzung unserer Angebote ist auch ohne Cookies m\u00f6glich. Die meisten Browser sind so eingestellt, dass sie Cookies automatisch akzeptieren. Sie k\u00f6nnen das Speichern von Cookies jedoch deaktivieren oder Ihren Browser so einstellen, dass er Sie benachrichtigt, sobald Cookies gesendet werden.<\/p>\n<p>Unsere Website und unser mobiles Webangebot nutzen das \u201eSkalierbare Zentrale Messverfahren\u201c (SZM) der Kantar Deutschland GmbH f\u00fcr die Ermittlung statistischer Kennwerte zur Ermittlung der Kopierwahrscheinlichkeit von Texten.<\/p>\n<p>Dabei werden anonyme Messwerte erhoben. Die Zugriffszahlenmessung verwendet zur Wiedererkennung von Computersystemen alternativ ein Session-Cookie oder eine Signatur, die aus verschiedenen automatisch \u00fcbertragenen Informationen Ihres Browsers erstellt wird. IP-Adressen werden nur in anonymisierter Form verarbeitet.<\/p>\n<p>Das Verfahren wurde unter der Beachtung des Datenschutzes entwickelt. Einziges Ziel des Verfahrens ist es, die Kopierwahrscheinlichkeit einzelner Texte zu ermitteln.<\/p>\n<p>Zu keinem Zeitpunkt werden einzelne Nutzer identifiziert. Ihre Identit\u00e4t bleibt immer gesch\u00fctzt. Sie erhalten \u00fcber das System keine Werbung.<\/p>\n<p><strong>E-Mail<\/strong><br \/>\nSie haben die M\u00f6glichkeit, uns \u00fcber E-Mail zu kontaktieren. Die darin enthaltenden personenbezogenen Daten behandeln wir vertraulich und nutzen sie ausschlie\u00dflich f\u00fcr den von Ihnen vorgesehenen Zweck. Eine Weitergabe an Dritte ist ausgeschlossen. Die E-Mail wird nach Eingang auf unserem Server ausschlie\u00dflich von uns und unseren Mitarbeitern gelesen. Bitte beachten Sie aber, dass die unverschl\u00fcsselte Daten\u00fcbertragung im Internet Sicherheitsl\u00fccken aufweisen kann. Ein l\u00fcckenloser Schutz der Daten vor dem Zugriff durch Dritte, insbesondere beim unverschl\u00fcsselten Versand von E-Mails, ist nicht m\u00f6glich.<\/p>\n<p><strong>Fragen \/ Fotos<\/strong><\/p>\n<p>Sie haben die M\u00f6glichkeit, uns \u00fcber Facebook, E-Mail oder sonstige Wege Fragen rund um die Golfregeln zu stellen. Diese Fragen werden in der Regel auf dieser Seite und \u00fcber Facebook, gelegentlich auch in einem YouTube-Video oder auf anderem Wege beantwortet und damit ver\u00f6ffentlicht. Durch Einsendung erteilen Sie die Einwilligung zur Ver\u00f6ffentlichung der \u00fcbersandten Daten, wie zB Frage und Name. Durch Einsendung von Bildern oder Videos in solchen Fragen best\u00e4tigt der Einsender alle erforderlichen Rechte am eingesandten Material inne zu haben, \u00fcbertr\u00e4gt diese Rechte an Golf-Rules.com und stellt Golf-Rules.com ausdr\u00fccklich von Anspr\u00fcchen Dritter am eingesandten Material frei.<\/p>\n<p><strong>Hinweise zum Datenschutz bei Nutzung unserer Facebook-Fanpage<\/strong><\/p>\n<p>Unser Internetauftritt enth\u00e4lt Programme bzw. Plug-Ins des sozialen Netzwerks Facebook. Es handelt sich hierbei um den Button mit dem Facebook-Logo und dem zugeh\u00f6rigen Link \u201ejetzt Fan werden\u201c. Das soziale Netzwerk wird von dem Unternehmen Facebook Inc., 1601 S. California Ave, Palo Alto, CA 94304, USA (im Folgenden Facebook) betrieben. F\u00fcr uns wird dort eine so genannte Fanpage vorgehalten. S\u00e4mtliche Vorg\u00e4nge der Datenverarbeitung in diesem Zusammenhang werden nicht von uns, sondern von Facebook durchgef\u00fchrt. Welche Datenverarbeitungsvorg\u00e4nge Facebook bei und nach dem Aufruf einer Fanpage durch einen Nutzer vornimmt, ist nicht genau bekannt. Wir k\u00f6nnen daher nur folgende Informationen geben, die auf dem derzeit erreichbaren Kenntnisstand beruhen:<\/p>\n<p>Wenn Sie bei Facebook eingeloggt sind, erhebt Facebook Daten bez\u00fcglich Ihrer Aktionen, Interaktionen und Bewegungen innerhalb seines sozialen Netzwerks, welche das Unternehmen Facebook Inc. zur Optimierung seines f\u00fcr jeden Nutzer personalisierten Direktmarketingprofils, f\u00fcr eigene Gesch\u00e4ftszwecke verwendet und verkn\u00fcpft diese mit Ihrem Profil und Ihren dort angegebenen Registrierungsdaten und sonstigen innerhalb des sozialen Netzwerks von Ihnen oder von anderen angegeben Informationen. F\u00fcr Zweck und Umfang der Datenerhebung durch Facebook sowie zur dortigen weiteren Verarbeitung und Nutzung Ihrer Daten, wie auch Ihre diesbez\u00fcglichen Rechte und Einstellungsm\u00f6glichkeiten, die Sie zum Schutz Ihrer Privatsph\u00e4re haben, verweisen wir auf die Datenschutzhinweisen von Facebook, auf die wir keinen Einfluss haben (http:\/\/www.facebook.com\/about\/privacy\/).<\/p>\n<p>Auch wenn Sie nicht bei Facebook eingeloggt sind, speichert und nutzt Facebook Inc. Daten zu verwendetem Betriebssystem, Browserversion, IP-Adresse und daraus ableitbarem Herkunftsort.<\/p>\n<p>Dar\u00fcber hinaus kann Facebook Sie \u00fcber sogenannte \u201eCookies\u201c auch als nicht eingeloggter\/nicht registrierter Nutzer wiedererkennen und die aus dem Seitenaufruf gewonnen statistischen Daten bei Ihrem n\u00e4chsten Login beziehungsweise Ihrer erstmaligen Registrierung bei Facebook zur Profilbildung verwenden.<\/p>\n<p><strong>Ansprechpartner f\u00fcr Datenschutz<\/strong><br \/>\nBei Fragen rund um die oben stehende Datenschutzerkl\u00e4rung oder falls Sie Auskunft, Berichtigung, Sperrung oder L\u00f6schung in Bezug auf Ihre personenbezogenen Daten w\u00fcnschen, so steht Ihnen als Ansprechpartner Torben Wissuwa gern zur Verf\u00fcgung.<\/p>\n","protected":false},"excerpt":{"rendered":"<p>Golf-Rules.com \/ regeln.golf \/ rules4.golf \/ #glfrls wird umgesetzt und betreut von Torben Wissuwa, M\u00fchlenfeldstra\u00dfe 5, 28355 Bremen und Thomas K\u00f6hler, Bad [&hellip;]<\/p>\n","protected":false},"author":1,"featured_media":0,"parent":0,"menu_order":0,"comment_status":"closed","ping_status":"open","template":"","meta":{"footnotes":""},"class_list":["post-2","page","type-page","status-publish","hentry"],"_links":{"self":[{"href":"http:\/\/golf-rules.com\/index.php?rest_route=\/wp\/v2\/pages\/2","targetHints":{"allow":["GET"]}}],"collection":[{"href":"http:\/\/golf-rules.com\/index.php?rest_route=\/wp\/v2\/pages"}],"about":[{"href":"http:\/\/golf-rules.com\/index.php?rest_route=\/wp\/v2\/types\/page"}],"author":[{"embeddable":true,"href":"http:\/\/golf-rules.com\/index.php?rest_route=\/wp\/v2\/users\/1"}],"replies":[{"embeddable":true,"href":"http:\/\/golf-rules.com\/index.php?rest_route=%2Fwp%2Fv2%2Fcomments&post=2"}],"version-history":[{"count":9,"href":"http:\/\/golf-rules.com\/index.php?rest_route=\/wp\/v2\/pages\/2\/revisions"}],"predecessor-version":[{"id":115,"href":"http:\/\/golf-rules.com\/index.php?rest_route=\/wp\/v2\/pages\/2\/revisions\/115"}],"wp:attachment":[{"href":"http:\/\/golf-rules.com\/index.php?rest_route=%2Fwp%2Fv2%2Fmedia&parent=2"}],"curies":[{"name":"wp","href":"https:\/\/api.w.org\/{rel}","templated":true}]}}